{"id":31,"date":"2018-02-17T13:00:45","date_gmt":"2018-02-17T12:00:45","guid":{"rendered":"https:\/\/lescapucines.net\/?page_id=31"},"modified":"2025-04-22T12:00:06","modified_gmt":"2025-04-22T10:00:06","slug":"partenaires","status":"publish","type":"page","link":"https:\/\/lescapucines.net\/?page_id=31","title":{"rendered":"Partenaires"},"content":{"rendered":"<h3><span style=\"color: #339966;\">Centre PMS<\/span><\/h3>\n<p>Centre PMS libre pour l&rsquo;enseignement sp\u00e9cialis\u00e9 de Namur<\/p>\n<p>Adresse: Rue du Lombard,\u00a0 24 \u00e0 5000 NAMUR<\/p>\n<p>T\u00e9l: 081 22 90 90<\/p>\n<p>Site internet: aucun.<\/p>\n<h3><span style=\"color: #339966;\">Service Promotion de la Sant\u00e9 \u00e0 l&rsquo;\u00c9cole<\/span><\/h3>\n<p>L&rsquo;ASBL SeLINa service P.S.E.<\/p>\n<p>Adresse: Avenue des Combattants, 16 \u00e0 5500 DINANT<\/p>\n<p>T\u00e9l: 082 66 72 87<\/p>\n<p>Site internet:\u00a0<a href=\"http:\/\/www.ecoles.cfwb.be\/selina\/\" target=\"_blank\" rel=\"noopener\">www.ecoles.cfwb.be\/selina<\/a><\/p>\n","protected":false},"excerpt":{"rendered":"<p>Centre PMS Centre PMS libre pour l&rsquo;enseignement sp\u00e9cialis\u00e9 de Namur Adresse: Rue du Lombard,\u00a0 24 \u00e0 5000 NAMUR T\u00e9l: 081 22 90 90 Site internet: aucun. Service Promotion de la Sant\u00e9 \u00e0 l&rsquo;\u00c9cole L&rsquo;ASBL SeLINa service P.S.E. Adresse: Avenue des Combattants, 16 \u00e0 5500 DINANT T\u00e9l: 082 66 72 87 Site internet:\u00a0www.ecoles.cfwb.be\/selina<\/p>\n","protected":false},"author":2,"featured_media":0,"parent":0,"menu_order":0,"comment_status":"closed","ping_status":"closed","template":"","meta":{"footnotes":""},"class_list":["post-31","page","type-page","status-publish","hentry","nodate","item-wrap"],"_links":{"self":[{"href":"https:\/\/lescapucines.net\/index.php?rest_route=\/wp\/v2\/pages\/31","targetHints":{"allow":["GET"]}}],"collection":[{"href":"https:\/\/lescapucines.net\/index.php?rest_route=\/wp\/v2\/pages"}],"about":[{"href":"https:\/\/lescapucines.net\/index.php?rest_route=\/wp\/v2\/types\/page"}],"author":[{"embeddable":true,"href":"https:\/\/lescapucines.net\/index.php?rest_route=\/wp\/v2\/users\/2"}],"replies":[{"embeddable":true,"href":"https:\/\/lescapucines.net\/index.php?rest_route=%2Fwp%2Fv2%2Fcomments&post=31"}],"version-history":[{"count":12,"href":"https:\/\/lescapucines.net\/index.php?rest_route=\/wp\/v2\/pages\/31\/revisions"}],"predecessor-version":[{"id":4395,"href":"https:\/\/lescapucines.net\/index.php?rest_route=\/wp\/v2\/pages\/31\/revisions\/4395"}],"wp:attachment":[{"href":"https:\/\/lescapucines.net\/index.php?rest_route=%2Fwp%2Fv2%2Fmedia&parent=31"}],"curies":[{"name":"wp","href":"https:\/\/api.w.org\/{rel}","templated":true}]}}