{"id":27,"date":"2018-02-17T12:59:51","date_gmt":"2018-02-17T11:59:51","guid":{"rendered":"https:\/\/lescapucines.net\/?page_id=27"},"modified":"2025-11-03T12:11:16","modified_gmt":"2025-11-03T11:11:16","slug":"calendrier","status":"publish","type":"page","link":"https:\/\/lescapucines.net\/?page_id=27","title":{"rendered":"Calendrier"},"content":{"rendered":"\r\n<p><strong>Rentr\u00e9e scolaire :<\/strong> lundi 25 ao\u00fbt 2025<br \/><br \/><\/p>\r\n<h3><span style=\"color: #008000;\">Cong\u00e9s<\/span>\u00a0<br \/><br \/><\/h3>\r\n<p><strong>F\u00eate de la Communaut\u00e9 fran\u00e7aise :<\/strong> le samedi 27 septembre 2025<\/p>\r\n<p><strong>Vacances d&rsquo;automne (de Toussaint) :<\/strong> du lundi 20 octobre 2025 au vendredi 31 octobre 2025<\/p>\r\n<p><strong>Comm\u00e9moration du 11 novembre :<\/strong> le mardi 11 novembre 2025<\/p>\r\n<p><span style=\"color: #ff6600;\"><strong>Conf\u00e9rence p\u00e9dagogique:<\/strong> jeudi 27 novembre et vendredi 28 novembre 2025<\/span><\/p>\r\n<p><strong>Vacances d&rsquo;hiver (de No\u00ebl) :<\/strong> du lundi 22 d\u00e9cembre 2025 au vendredi 02 janvier 2026<\/p>\r\n<p><strong>Vacances de d\u00e9tente (de Carnaval) :<\/strong> du lundi 16 f\u00e9vrier 2026 au vendredi 27 f\u00e9vrier 2026<\/p>\r\n<p><strong>Lundi de P\u00e2ques :<\/strong> le lundi 6 avril 2026<\/p>\r\n<p><strong>Vacances de printemps (de P\u00e2ques) :<\/strong> du lundi 27 avril 2026 au vendredi 8 mai 2026<\/p>\r\n<p><strong>Jeudi de l&rsquo;Ascension :<\/strong> le jeudi 14 mai 2026<\/p>\r\n<p><strong>Lundi de Pentec\u00f4te :<\/strong> le lundi 25 mai 2026<\/p>\r\n<p><strong>Vacances d\u2019\u00e9t\u00e9 :<\/strong> du samedi 04 juillet 2026 au dimanche 23 aout 2026<\/p>\r\n<h3><br \/><span style=\"color: #008000;\">Activit\u00e9s de notre \u00e9cole<\/span><\/h3>\r\n<p><strong><br \/>Rentr\u00e9e scolaire:<\/strong> le lundi 25 aout 2025<\/p>\r\n<p><strong><span style=\"color: #ff6600;\">R\u00e9union de parents:<\/span><\/strong><span style=\"color: #ff6600;\"> le mardi 18 novembre 2025*<\/span><\/p>\r\n<p><strong>F\u00eate de Saint Nicolas:<\/strong> le vendredi 05 d\u00e9cembre 2025<\/p>\r\n<p><strong>Festivit\u00e9 et c\u00e9l\u00e9bration de No\u00ebl:<\/strong> le jeudi 18 d\u00e9cembre 2025 et le vendredi 19 d\u00e9cembre 2025<\/p>\r\n<p><strong><span style=\"color: #ff6600;\">R\u00e9union de parents:<\/span><\/strong><span style=\"color: #ff6600;\"> le mardi 17 mars 2026*<\/span><\/p>\r\n<p><strong>F\u00eate de P\u00e2ques:<\/strong> le vendredi 03 avril 2025<\/p>\r\n<p><span style=\"color: #ff6600;\"><strong>F\u00eate de l&rsquo;\u00e9cole<\/strong>: le vendredi 26 juin 2026* (les informations suivront)<\/span><\/p>\r\n<p><strong><span style=\"color: #ff6600;\">R\u00e9union de parents au matin:<\/span><\/strong><span style=\"color: #ff6600;\"> le vendredi 3 juillet 2026*<\/span><\/p>\r\n<p>&nbsp;<\/p>\r\n<p><span style=\"color: #ff6600;\">*\u00a0 La pr\u00e9sence des parents ou accompagnants est vivement souhait\u00e9e pour ces manifestations.<\/span><\/p>\r\n","protected":false},"excerpt":{"rendered":"<p>Rentr\u00e9e scolaire : lundi 25 ao\u00fbt 2025 Cong\u00e9s\u00a0 F\u00eate de la Communaut\u00e9 fran\u00e7aise : le samedi 27 septembre 2025 Vacances d&rsquo;automne (de Toussaint) : du lundi 20 octobre 2025 au vendredi 31 octobre 2025 Comm\u00e9moration du 11 novembre : le mardi 11 novembre 2025 Conf\u00e9rence p\u00e9dagogique: jeudi 27 novembre et vendredi 28 novembre 2025 Vacances &hellip; <\/p>\n<p><a class=\"more-link btn\" href=\"https:\/\/lescapucines.net\/?page_id=27\">Lire la suite<\/a><\/p>\n","protected":false},"author":2,"featured_media":0,"parent":0,"menu_order":0,"comment_status":"closed","ping_status":"closed","template":"","meta":{"footnotes":""},"class_list":["post-27","page","type-page","status-publish","hentry","nodate","item-wrap"],"_links":{"self":[{"href":"https:\/\/lescapucines.net\/index.php?rest_route=\/wp\/v2\/pages\/27","targetHints":{"allow":["GET"]}}],"collection":[{"href":"https:\/\/lescapucines.net\/index.php?rest_route=\/wp\/v2\/pages"}],"about":[{"href":"https:\/\/lescapucines.net\/index.php?rest_route=\/wp\/v2\/types\/page"}],"author":[{"embeddable":true,"href":"https:\/\/lescapucines.net\/index.php?rest_route=\/wp\/v2\/users\/2"}],"replies":[{"embeddable":true,"href":"https:\/\/lescapucines.net\/index.php?rest_route=%2Fwp%2Fv2%2Fcomments&post=27"}],"version-history":[{"count":40,"href":"https:\/\/lescapucines.net\/index.php?rest_route=\/wp\/v2\/pages\/27\/revisions"}],"predecessor-version":[{"id":4410,"href":"https:\/\/lescapucines.net\/index.php?rest_route=\/wp\/v2\/pages\/27\/revisions\/4410"}],"wp:attachment":[{"href":"https:\/\/lescapucines.net\/index.php?rest_route=%2Fwp%2Fv2%2Fmedia&parent=27"}],"curies":[{"name":"wp","href":"https:\/\/api.w.org\/{rel}","templated":true}]}}