{"id":25,"date":"2018-02-17T12:59:40","date_gmt":"2018-02-17T11:59:40","guid":{"rendered":"https:\/\/lescapucines.net\/?page_id=25"},"modified":"2025-09-24T11:42:37","modified_gmt":"2025-09-24T09:42:37","slug":"en-general","status":"publish","type":"page","link":"https:\/\/lescapucines.net\/?page_id=25","title":{"rendered":"En g\u00e9n\u00e9ral"},"content":{"rendered":"<h2><span style=\"color: #339966;\">Horaire des cours<\/span><\/h2>\n<p>Le matin de 9h \u00e0 12h40, sauf le mercredi de 9h \u00e0 11h40.<\/p>\n<p>Une r\u00e9cr\u00e9ation de 20 minutes est pr\u00e9vue chaque jour \u00e0 10h40.<\/p>\n<p>L&rsquo;apr\u00e8s-midi, de 13h40 \u00e0 15h35.<\/p>\n<h2><span style=\"color: #339966;\">Repas<\/span><\/h2>\n<p>Repas complet: 5 \u20ac.<\/p>\n<p>Potage: 1 \u20ac.<\/p>\n<p>Les r\u00e9servations se font\u00a0 via le formulaire re\u00e7u dans le journal de classe de l&rsquo;\u00e9l\u00e8ve.<\/p>\n<h2><span style=\"color: #339966;\">Garderie<\/span><\/h2>\n<p>Garderie non payante le matin \u00e0 partir de 8h10.<\/p>\n<p>Garderie payante de 16h00 \u00e0 17h30 (pas organis\u00e9e le mercredi).<\/p>\n<h2><span style=\"color: #339966;\">Transport scolaire<\/span><\/h2>\n<p>Les \u00e9l\u00e8ves fr\u00e9quentant l\u2019enseignement sp\u00e9cialis\u00e9 ont droit au transport scolaire gratuit sous certaines conditions.<\/p>\n<p>Les renseignements pratiques sont \u00e0 demander directement \u00e0 la direction de l&rsquo;\u00e9cole.<\/p>\n","protected":false},"excerpt":{"rendered":"<p>Horaire des cours Le matin de 9h \u00e0 12h40, sauf le mercredi de 9h \u00e0 11h40. Une r\u00e9cr\u00e9ation de 20 minutes est pr\u00e9vue chaque jour \u00e0 10h40. L&rsquo;apr\u00e8s-midi, de 13h40 \u00e0 15h35. Repas Repas complet: 5 \u20ac. Potage: 1 \u20ac. Les r\u00e9servations se font\u00a0 via le formulaire re\u00e7u dans le journal de classe de l&rsquo;\u00e9l\u00e8ve. &hellip; <\/p>\n<p><a class=\"more-link btn\" href=\"https:\/\/lescapucines.net\/?page_id=25\">Lire la suite<\/a><\/p>\n","protected":false},"author":2,"featured_media":0,"parent":0,"menu_order":0,"comment_status":"closed","ping_status":"closed","template":"","meta":{"footnotes":""},"class_list":["post-25","page","type-page","status-publish","hentry","nodate","item-wrap"],"_links":{"self":[{"href":"https:\/\/lescapucines.net\/index.php?rest_route=\/wp\/v2\/pages\/25","targetHints":{"allow":["GET"]}}],"collection":[{"href":"https:\/\/lescapucines.net\/index.php?rest_route=\/wp\/v2\/pages"}],"about":[{"href":"https:\/\/lescapucines.net\/index.php?rest_route=\/wp\/v2\/types\/page"}],"author":[{"embeddable":true,"href":"https:\/\/lescapucines.net\/index.php?rest_route=\/wp\/v2\/users\/2"}],"replies":[{"embeddable":true,"href":"https:\/\/lescapucines.net\/index.php?rest_route=%2Fwp%2Fv2%2Fcomments&post=25"}],"version-history":[{"count":14,"href":"https:\/\/lescapucines.net\/index.php?rest_route=\/wp\/v2\/pages\/25\/revisions"}],"predecessor-version":[{"id":4418,"href":"https:\/\/lescapucines.net\/index.php?rest_route=\/wp\/v2\/pages\/25\/revisions\/4418"}],"wp:attachment":[{"href":"https:\/\/lescapucines.net\/index.php?rest_route=%2Fwp%2Fv2%2Fmedia&parent=25"}],"curies":[{"name":"wp","href":"https:\/\/api.w.org\/{rel}","templated":true}]}}