{"id":11,"date":"2018-02-17T12:57:36","date_gmt":"2018-02-17T11:57:36","guid":{"rendered":"https:\/\/lescapucines.net\/?page_id=11"},"modified":"2025-01-15T19:46:09","modified_gmt":"2025-01-15T18:46:09","slug":"presentation-des-capucines","status":"publish","type":"page","link":"https:\/\/lescapucines.net\/?page_id=11","title":{"rendered":"Pr\u00e9sentation des Capucines"},"content":{"rendered":"<p>Notre \u00e9cole accueille des enfants \u00e0 besoins sp\u00e9cifiques de 2,5 \u00e0 13 ans \u00e0 Rochefort.<\/p>\n<p>Les besoins des \u00e9l\u00e8ves correspondent aux types d\u2019enseignement 1, 2 et 8.<\/p>\n<p>Les m\u00e9thodologies sont adapt\u00e9es pour les TSA, <span data-teams=\"true\">troubles du spectre de l\u2019autisme,<\/span> (m\u00e9thode TEACCH) et de polyhandicaps, au niveau des projets et des difficult\u00e9s, notamment du langage (aphasie &#8211; TDL trouble d\u00e9veloppemental du langage).<\/p>\n<p>Pour soutenir le langage, divers outils et m\u00e9thodes peuvent \u00eatre utilis\u00e9s:<\/p>\n<ul>\n<li>les \u00ab\u00a0gestes Ledan\u00a0\u00bb pour l&rsquo;apprentissage de lecture et de l&rsquo;\u00e9criture,<\/li>\n<li>la m\u00e9thode des \u00ab\u00a0Gipo\u00a0\u00bb pour la cr\u00e9ation de phrases et la grammaire,<\/li>\n<li>des illustrations en pictogrammes ou en gestes pour s&rsquo;assurer de la compr\u00e9hension,<\/li>\n<li>la DNP (dynamique naturelle de la parole),<\/li>\n<li>un \u00ab\u00a0menu du jour\u00a0\u00bb collectif, voire personnalis\u00e9 pour chaque \u00e9l\u00e8ve, pour la gestion du temps et de l&rsquo;espace,<\/li>\n<li>les tablettes tactiles avec des applications telles Notability (c) , Prizmo (c), \u00ab\u00a0Dicodys(c)\u00a0\u00bb ou le cahier de communication,<\/li>\n<li>le journal de classe structur\u00e9 avec des associations entre les jours et des couleurs\/personnages.<\/li>\n<\/ul>\n<p>Voici une explication de la CAA: Communication Alternative Am\u00e9lior\u00e9e.<br \/>\nUtilisez les fl\u00e8ches pour passer \u00e0 l&rsquo;image suivante.<\/p>\n<div id=\"metaslider-id-4255\" style=\"max-width: 600px; margin: 0 auto;\" class=\"ml-slider-3-100-1 metaslider metaslider-flex metaslider-4255 ml-slider ms-theme-default\" role=\"region\" aria-label=\"CAA: Communication Alternative Am\u00e9lior\u00e9e (ou Augment\u00e9e)\" data-height=\"600\" data-width=\"600\">\n    <div id=\"metaslider_container_4255\">\n        <div id=\"metaslider_4255\">\n            <ul class='slides'>\n                <li style=\"display: block; width: 100%;\" class=\"slide-4256 ms-image \" aria-roledescription=\"slide\" data-date=\"2024-10-18 15:33:52\"><img loading=\"lazy\" decoding=\"async\" width=\"1237\" height=\"698\" src=\"https:\/\/lescapucines.net\/wp-content\/uploads\/2024\/10\/CAA-1.jpg\" class=\"slider-4255 slide-4256 msDefaultImage\" alt=\"CAA_1\" rel=\"\" title=\"CAA 1\" srcset=\"https:\/\/lescapucines.net\/wp-content\/uploads\/2024\/10\/CAA-1.jpg 1237w, https:\/\/lescapucines.net\/wp-content\/uploads\/2024\/10\/CAA-1-300x169.jpg 300w, https:\/\/lescapucines.net\/wp-content\/uploads\/2024\/10\/CAA-1-1024x578.jpg 1024w, https:\/\/lescapucines.net\/wp-content\/uploads\/2024\/10\/CAA-1-768x433.jpg 768w, https:\/\/lescapucines.net\/wp-content\/uploads\/2024\/10\/CAA-1-750x423.jpg 750w\" sizes=\"auto, (max-width: 1237px) 100vw, 1237px\" \/><\/li>\n                <li style=\"display: none; width: 100%;\" class=\"slide-4257 ms-image \" aria-roledescription=\"slide\" data-date=\"2024-10-18 15:34:01\"><img loading=\"lazy\" decoding=\"async\" width=\"1238\" height=\"697\" src=\"https:\/\/lescapucines.net\/wp-content\/uploads\/2024\/10\/CAA-2.jpg\" class=\"slider-4255 slide-4257 msDefaultImage\" alt=\"\" rel=\"\" title=\"CAA 2\" srcset=\"https:\/\/lescapucines.net\/wp-content\/uploads\/2024\/10\/CAA-2.jpg 1238w, https:\/\/lescapucines.net\/wp-content\/uploads\/2024\/10\/CAA-2-300x169.jpg 300w, https:\/\/lescapucines.net\/wp-content\/uploads\/2024\/10\/CAA-2-1024x577.jpg 1024w, https:\/\/lescapucines.net\/wp-content\/uploads\/2024\/10\/CAA-2-768x432.jpg 768w, https:\/\/lescapucines.net\/wp-content\/uploads\/2024\/10\/CAA-2-750x422.jpg 750w\" sizes=\"auto, (max-width: 1238px) 100vw, 1238px\" \/><\/li>\n                <li style=\"display: none; width: 100%;\" class=\"slide-4258 ms-image \" aria-roledescription=\"slide\" data-date=\"2024-10-18 15:34:06\"><img loading=\"lazy\" decoding=\"async\" width=\"1237\" height=\"697\" src=\"https:\/\/lescapucines.net\/wp-content\/uploads\/2024\/10\/CAA-3.jpg\" class=\"slider-4255 slide-4258 msDefaultImage\" alt=\"\" rel=\"\" title=\"CAA 3\" srcset=\"https:\/\/lescapucines.net\/wp-content\/uploads\/2024\/10\/CAA-3.jpg 1237w, https:\/\/lescapucines.net\/wp-content\/uploads\/2024\/10\/CAA-3-300x169.jpg 300w, https:\/\/lescapucines.net\/wp-content\/uploads\/2024\/10\/CAA-3-1024x577.jpg 1024w, https:\/\/lescapucines.net\/wp-content\/uploads\/2024\/10\/CAA-3-768x433.jpg 768w, https:\/\/lescapucines.net\/wp-content\/uploads\/2024\/10\/CAA-3-750x423.jpg 750w\" sizes=\"auto, (max-width: 1237px) 100vw, 1237px\" \/><\/li>\n                <li style=\"display: none; width: 100%;\" class=\"slide-4259 ms-image \" aria-roledescription=\"slide\" data-date=\"2024-10-18 15:34:09\"><img loading=\"lazy\" decoding=\"async\" width=\"1235\" height=\"692\" src=\"https:\/\/lescapucines.net\/wp-content\/uploads\/2024\/10\/CAA-4.jpg\" class=\"slider-4255 slide-4259 msDefaultImage\" alt=\"\" rel=\"\" title=\"CAA 4\" srcset=\"https:\/\/lescapucines.net\/wp-content\/uploads\/2024\/10\/CAA-4.jpg 1235w, https:\/\/lescapucines.net\/wp-content\/uploads\/2024\/10\/CAA-4-300x168.jpg 300w, https:\/\/lescapucines.net\/wp-content\/uploads\/2024\/10\/CAA-4-1024x574.jpg 1024w, https:\/\/lescapucines.net\/wp-content\/uploads\/2024\/10\/CAA-4-768x430.jpg 768w, https:\/\/lescapucines.net\/wp-content\/uploads\/2024\/10\/CAA-4-750x420.jpg 750w\" sizes=\"auto, (max-width: 1235px) 100vw, 1235px\" \/><\/li>\n                <li style=\"display: none; width: 100%;\" class=\"slide-4261 ms-image \" aria-roledescription=\"slide\" data-date=\"2024-10-18 15:34:27\"><img loading=\"lazy\" decoding=\"async\" width=\"1237\" height=\"691\" src=\"https:\/\/lescapucines.net\/wp-content\/uploads\/2024\/10\/CAA-5.jpg\" class=\"slider-4255 slide-4261 msDefaultImage\" alt=\"\" rel=\"\" title=\"CAA 5\" srcset=\"https:\/\/lescapucines.net\/wp-content\/uploads\/2024\/10\/CAA-5.jpg 1237w, https:\/\/lescapucines.net\/wp-content\/uploads\/2024\/10\/CAA-5-300x168.jpg 300w, https:\/\/lescapucines.net\/wp-content\/uploads\/2024\/10\/CAA-5-1024x572.jpg 1024w, https:\/\/lescapucines.net\/wp-content\/uploads\/2024\/10\/CAA-5-768x429.jpg 768w, https:\/\/lescapucines.net\/wp-content\/uploads\/2024\/10\/CAA-5-750x419.jpg 750w\" sizes=\"auto, (max-width: 1237px) 100vw, 1237px\" \/><\/li>\n                <li style=\"display: none; width: 100%;\" class=\"slide-4262 ms-image \" aria-roledescription=\"slide\" data-date=\"2024-10-18 15:34:36\"><img loading=\"lazy\" decoding=\"async\" width=\"1237\" height=\"691\" src=\"https:\/\/lescapucines.net\/wp-content\/uploads\/2024\/10\/CAA-5.jpg\" class=\"slider-4255 slide-4262 msDefaultImage\" alt=\"\" rel=\"\" title=\"CAA 5\" srcset=\"https:\/\/lescapucines.net\/wp-content\/uploads\/2024\/10\/CAA-5.jpg 1237w, https:\/\/lescapucines.net\/wp-content\/uploads\/2024\/10\/CAA-5-300x168.jpg 300w, https:\/\/lescapucines.net\/wp-content\/uploads\/2024\/10\/CAA-5-1024x572.jpg 1024w, https:\/\/lescapucines.net\/wp-content\/uploads\/2024\/10\/CAA-5-768x429.jpg 768w, https:\/\/lescapucines.net\/wp-content\/uploads\/2024\/10\/CAA-5-750x419.jpg 750w\" sizes=\"auto, (max-width: 1237px) 100vw, 1237px\" \/><\/li>\n                <li style=\"display: none; width: 100%;\" class=\"slide-4263 ms-image \" aria-roledescription=\"slide\" data-date=\"2024-10-18 15:34:41\"><a href=\"https:\/\/www.caapables.fr\/\" target=\"_blank\" aria-label=\"Lien vers le site internet: https:\/\/www.caapables.fr\/\" class=\"metaslider_image_link\"><img loading=\"lazy\" decoding=\"async\" width=\"1162\" height=\"850\" src=\"https:\/\/lescapucines.net\/wp-content\/uploads\/2024\/10\/CAA-6.jpg\" class=\"slider-4255 slide-4263 msDefaultImage\" alt=\"\" rel=\"\" title=\"CAA 6\" srcset=\"https:\/\/lescapucines.net\/wp-content\/uploads\/2024\/10\/CAA-6.jpg 1162w, https:\/\/lescapucines.net\/wp-content\/uploads\/2024\/10\/CAA-6-300x219.jpg 300w, https:\/\/lescapucines.net\/wp-content\/uploads\/2024\/10\/CAA-6-1024x749.jpg 1024w, https:\/\/lescapucines.net\/wp-content\/uploads\/2024\/10\/CAA-6-768x562.jpg 768w, https:\/\/lescapucines.net\/wp-content\/uploads\/2024\/10\/CAA-6-750x549.jpg 750w\" sizes=\"auto, (max-width: 1162px) 100vw, 1162px\" \/><\/a><\/li>\n                <li style=\"display: none; width: 100%;\" class=\"slide-4264 ms-image \" aria-roledescription=\"slide\" data-date=\"2024-10-18 15:34:45\"><a href=\"https:\/\/www.caapables.fr\/\" target=\"_blank\" aria-label=\"Lien vers le site internet: https:\/\/www.caapables.fr\/\" class=\"metaslider_image_link\"><img loading=\"lazy\" decoding=\"async\" width=\"488\" height=\"697\" src=\"https:\/\/lescapucines.net\/wp-content\/uploads\/2024\/10\/CAA-7.jpg\" class=\"slider-4255 slide-4264 msDefaultImage\" alt=\"\" rel=\"\" title=\"CAA 7\" srcset=\"https:\/\/lescapucines.net\/wp-content\/uploads\/2024\/10\/CAA-7.jpg 488w, https:\/\/lescapucines.net\/wp-content\/uploads\/2024\/10\/CAA-7-210x300.jpg 210w\" sizes=\"auto, (max-width: 488px) 100vw, 488px\" \/><\/a><\/li>\n            <\/ul>\n        <\/div>\n        \n    <\/div>\n<\/div>\n<p>&nbsp;<\/p>\n","protected":false},"excerpt":{"rendered":"<p>Notre \u00e9cole accueille des enfants \u00e0 besoins sp\u00e9cifiques de 2,5 \u00e0 13 ans \u00e0 Rochefort. Les besoins des \u00e9l\u00e8ves correspondent aux types d\u2019enseignement 1, 2 et 8. Les m\u00e9thodologies sont adapt\u00e9es pour les TSA, troubles du spectre de l\u2019autisme, (m\u00e9thode TEACCH) et de polyhandicaps, au niveau des projets et des difficult\u00e9s, notamment du langage (aphasie &hellip; <\/p>\n<p><a class=\"more-link btn\" href=\"https:\/\/lescapucines.net\/?page_id=11\">Lire la suite<\/a><\/p>\n","protected":false},"author":2,"featured_media":0,"parent":0,"menu_order":0,"comment_status":"closed","ping_status":"closed","template":"","meta":{"footnotes":""},"class_list":["post-11","page","type-page","status-publish","hentry","nodate","item-wrap"],"_links":{"self":[{"href":"https:\/\/lescapucines.net\/index.php?rest_route=\/wp\/v2\/pages\/11","targetHints":{"allow":["GET"]}}],"collection":[{"href":"https:\/\/lescapucines.net\/index.php?rest_route=\/wp\/v2\/pages"}],"about":[{"href":"https:\/\/lescapucines.net\/index.php?rest_route=\/wp\/v2\/types\/page"}],"author":[{"embeddable":true,"href":"https:\/\/lescapucines.net\/index.php?rest_route=\/wp\/v2\/users\/2"}],"replies":[{"embeddable":true,"href":"https:\/\/lescapucines.net\/index.php?rest_route=%2Fwp%2Fv2%2Fcomments&post=11"}],"version-history":[{"count":16,"href":"https:\/\/lescapucines.net\/index.php?rest_route=\/wp\/v2\/pages\/11\/revisions"}],"predecessor-version":[{"id":4387,"href":"https:\/\/lescapucines.net\/index.php?rest_route=\/wp\/v2\/pages\/11\/revisions\/4387"}],"wp:attachment":[{"href":"https:\/\/lescapucines.net\/index.php?rest_route=%2Fwp%2Fv2%2Fmedia&parent=11"}],"curies":[{"name":"wp","href":"https:\/\/api.w.org\/{rel}","templated":true}]}}